{"id":5713,"date":"2021-02-01T13:57:01","date_gmt":"2021-02-01T13:57:01","guid":{"rendered":"https:\/\/www.joniskiogrudai.lt\/produkti\/citiem-dzivniekiem\/zirgiem\/pasaras-sportiniams-zirgams\/"},"modified":"2023-12-07T20:59:25","modified_gmt":"2023-12-07T18:59:25","slug":"bariba-zirgiem","status":"publish","type":"page","link":"https:\/\/www.joniskiogrudai.lt\/lv\/produkti\/citiem-dzivniekiem\/zirgiem\/bariba-zirgiem\/","title":{"rendered":"Kombin\u0113ta bar\u012bba: bar\u012bbas piedeva zirgiem KOMBI"},"content":{"rendered":"","protected":false},"excerpt":{"rendered":"","protected":false},"author":3,"featured_media":0,"parent":1489,"menu_order":1,"comment_status":"closed","ping_status":"closed","template":"products.php","meta":{"footnotes":""},"class_list":["post-5713","page","type-page","status-publish","hentry","entry"],"_links":{"self":[{"href":"https:\/\/www.joniskiogrudai.lt\/lv\/wp-json\/wp\/v2\/pages\/5713","targetHints":{"allow":["GET"]}}],"collection":[{"href":"https:\/\/www.joniskiogrudai.lt\/lv\/wp-json\/wp\/v2\/pages"}],"about":[{"href":"https:\/\/www.joniskiogrudai.lt\/lv\/wp-json\/wp\/v2\/types\/page"}],"author":[{"embeddable":true,"href":"https:\/\/www.joniskiogrudai.lt\/lv\/wp-json\/wp\/v2\/users\/3"}],"replies":[{"embeddable":true,"href":"https:\/\/www.joniskiogrudai.lt\/lv\/wp-json\/wp\/v2\/comments?post=5713"}],"version-history":[{"count":3,"href":"https:\/\/www.joniskiogrudai.lt\/lv\/wp-json\/wp\/v2\/pages\/5713\/revisions"}],"predecessor-version":[{"id":7698,"href":"https:\/\/www.joniskiogrudai.lt\/lv\/wp-json\/wp\/v2\/pages\/5713\/revisions\/7698"}],"up":[{"embeddable":true,"href":"https:\/\/www.joniskiogrudai.lt\/lv\/wp-json\/wp\/v2\/pages\/1489"}],"wp:attachment":[{"href":"https:\/\/www.joniskiogrudai.lt\/lv\/wp-json\/wp\/v2\/media?parent=5713"}],"curies":[{"name":"wp","href":"https:\/\/api.w.org\/{rel}","templated":true}]}}