{"id":5664,"date":"2021-01-18T15:18:46","date_gmt":"2021-01-18T15:18:46","guid":{"rendered":"https:\/\/www.joniskiogrudai.lt\/produkti\/suniem-un-kakiem\/bariba-suniem\/edalas-suaugusiems-sunims-kegrus-universalus-plius\/"},"modified":"2021-04-01T15:17:25","modified_gmt":"2021-04-01T13:17:25","slug":"pieaugusiem-suniem-kegrus-univeralais-plus","status":"publish","type":"page","link":"https:\/\/www.joniskiogrudai.lt\/lv\/produkti\/suniem-un-kakiem\/bariba-suniem\/pieaugusiem-suniem-kegrus-univeralais-plus\/","title":{"rendered":"Pieaugu\u0161iem su\u0146iem K\u0116GRUS UNIVER\u0100LAIS PLUS"},"content":{"rendered":"","protected":false},"excerpt":{"rendered":"","protected":false},"author":3,"featured_media":0,"parent":1477,"menu_order":10,"comment_status":"closed","ping_status":"closed","template":"products.php","meta":{"footnotes":""},"class_list":["post-5664","page","type-page","status-publish","hentry","entry"],"_links":{"self":[{"href":"https:\/\/www.joniskiogrudai.lt\/lv\/wp-json\/wp\/v2\/pages\/5664","targetHints":{"allow":["GET"]}}],"collection":[{"href":"https:\/\/www.joniskiogrudai.lt\/lv\/wp-json\/wp\/v2\/pages"}],"about":[{"href":"https:\/\/www.joniskiogrudai.lt\/lv\/wp-json\/wp\/v2\/types\/page"}],"author":[{"embeddable":true,"href":"https:\/\/www.joniskiogrudai.lt\/lv\/wp-json\/wp\/v2\/users\/3"}],"replies":[{"embeddable":true,"href":"https:\/\/www.joniskiogrudai.lt\/lv\/wp-json\/wp\/v2\/comments?post=5664"}],"version-history":[{"count":2,"href":"https:\/\/www.joniskiogrudai.lt\/lv\/wp-json\/wp\/v2\/pages\/5664\/revisions"}],"predecessor-version":[{"id":5666,"href":"https:\/\/www.joniskiogrudai.lt\/lv\/wp-json\/wp\/v2\/pages\/5664\/revisions\/5666"}],"up":[{"embeddable":true,"href":"https:\/\/www.joniskiogrudai.lt\/lv\/wp-json\/wp\/v2\/pages\/1477"}],"wp:attachment":[{"href":"https:\/\/www.joniskiogrudai.lt\/lv\/wp-json\/wp\/v2\/media?parent=5664"}],"curies":[{"name":"wp","href":"https:\/\/api.w.org\/{rel}","templated":true}]}}