{"id":5352,"date":"2021-01-22T16:33:58","date_gmt":"2021-01-22T16:33:58","guid":{"rendered":"https:\/\/www.joniskiogrudai.lt\/produkti\/liellopiem\/govim-cietstaves-perioda\/laizamas-piedevas\/laizalas-uztrukusioms-karvems-dry-lick\/"},"modified":"2021-04-08T19:32:24","modified_gmt":"2021-04-08T17:32:24","slug":"laizama-dry-lick","status":"publish","type":"page","link":"https:\/\/www.joniskiogrudai.lt\/lv\/produkti\/liellopiem\/govim-cietstaves-perioda\/laizamas-piedevas\/laizama-dry-lick\/","title":{"rendered":"Miner\u0101lu un vitam\u012bnu piedeva cietst\u0101vo\u0161\u0101m gov\u012bm (laiz\u0101ma) KOMBI PLUS DRY-LICK"},"content":{"rendered":"","protected":false},"excerpt":{"rendered":"","protected":false},"author":3,"featured_media":0,"parent":5038,"menu_order":1,"comment_status":"closed","ping_status":"closed","template":"products.php","meta":{"footnotes":""},"class_list":["post-5352","page","type-page","status-publish","hentry","entry"],"_links":{"self":[{"href":"https:\/\/www.joniskiogrudai.lt\/lv\/wp-json\/wp\/v2\/pages\/5352","targetHints":{"allow":["GET"]}}],"collection":[{"href":"https:\/\/www.joniskiogrudai.lt\/lv\/wp-json\/wp\/v2\/pages"}],"about":[{"href":"https:\/\/www.joniskiogrudai.lt\/lv\/wp-json\/wp\/v2\/types\/page"}],"author":[{"embeddable":true,"href":"https:\/\/www.joniskiogrudai.lt\/lv\/wp-json\/wp\/v2\/users\/3"}],"replies":[{"embeddable":true,"href":"https:\/\/www.joniskiogrudai.lt\/lv\/wp-json\/wp\/v2\/comments?post=5352"}],"version-history":[{"count":3,"href":"https:\/\/www.joniskiogrudai.lt\/lv\/wp-json\/wp\/v2\/pages\/5352\/revisions"}],"predecessor-version":[{"id":5949,"href":"https:\/\/www.joniskiogrudai.lt\/lv\/wp-json\/wp\/v2\/pages\/5352\/revisions\/5949"}],"up":[{"embeddable":true,"href":"https:\/\/www.joniskiogrudai.lt\/lv\/wp-json\/wp\/v2\/pages\/5038"}],"wp:attachment":[{"href":"https:\/\/www.joniskiogrudai.lt\/lv\/wp-json\/wp\/v2\/media?parent=5352"}],"curies":[{"name":"wp","href":"https:\/\/api.w.org\/{rel}","templated":true}]}}