{"id":5346,"date":"2021-01-26T09:26:59","date_gmt":"2021-01-26T09:26:59","guid":{"rendered":"https:\/\/www.joniskiogrudai.lt\/produkti\/liellopiem\/govim-cietstaves-perioda\/mineralu-un-vitaminu-piedevas\/papildas-uztrukusioms-karvems-dry-period-standart\/"},"modified":"2023-12-07T20:52:20","modified_gmt":"2023-12-07T18:52:20","slug":"piedeva-dry-period-standart","status":"publish","type":"page","link":"https:\/\/www.joniskiogrudai.lt\/lv\/produkti\/liellopiem\/govim-cietstaves-perioda\/mineralu-un-vitaminu-piedevas\/piedeva-dry-period-standart\/","title":{"rendered":"Miner\u0101lu un vitam\u012bnu piedeva ciets\u0101vo\u0161am gov\u012bm KOMBI DRY PERIOD STANDART"},"content":{"rendered":"\r\n<p>&nbsp;<\/p>\r\n","protected":false},"excerpt":{"rendered":"<p>&nbsp;<\/p>\n","protected":false},"author":3,"featured_media":0,"parent":3602,"menu_order":5,"comment_status":"closed","ping_status":"closed","template":"products.php","meta":{"footnotes":""},"class_list":["post-5346","page","type-page","status-publish","hentry","entry"],"_links":{"self":[{"href":"https:\/\/www.joniskiogrudai.lt\/lv\/wp-json\/wp\/v2\/pages\/5346","targetHints":{"allow":["GET"]}}],"collection":[{"href":"https:\/\/www.joniskiogrudai.lt\/lv\/wp-json\/wp\/v2\/pages"}],"about":[{"href":"https:\/\/www.joniskiogrudai.lt\/lv\/wp-json\/wp\/v2\/types\/page"}],"author":[{"embeddable":true,"href":"https:\/\/www.joniskiogrudai.lt\/lv\/wp-json\/wp\/v2\/users\/3"}],"replies":[{"embeddable":true,"href":"https:\/\/www.joniskiogrudai.lt\/lv\/wp-json\/wp\/v2\/comments?post=5346"}],"version-history":[{"count":4,"href":"https:\/\/www.joniskiogrudai.lt\/lv\/wp-json\/wp\/v2\/pages\/5346\/revisions"}],"predecessor-version":[{"id":7691,"href":"https:\/\/www.joniskiogrudai.lt\/lv\/wp-json\/wp\/v2\/pages\/5346\/revisions\/7691"}],"up":[{"embeddable":true,"href":"https:\/\/www.joniskiogrudai.lt\/lv\/wp-json\/wp\/v2\/pages\/3602"}],"wp:attachment":[{"href":"https:\/\/www.joniskiogrudai.lt\/lv\/wp-json\/wp\/v2\/media?parent=5346"}],"curies":[{"name":"wp","href":"https:\/\/api.w.org\/{rel}","templated":true}]}}