{"id":5317,"date":"2021-01-25T17:07:28","date_gmt":"2021-01-25T17:07:28","guid":{"rendered":"https:\/\/www.joniskiogrudai.lt\/produkti\/liellopiem\/slaucamam-govim\/olbaltumvielu-piedevas\/papildas-melziamoms-karvems-35\/"},"modified":"2025-03-12T09:43:14","modified_gmt":"2025-03-12T07:43:14","slug":"piedeva-35","status":"publish","type":"page","link":"https:\/\/www.joniskiogrudai.lt\/lv\/produkti\/liellopiem\/slaucamam-govim\/olbaltumvielu-piedevas\/piedeva-35\/","title":{"rendered":"Olbaltumvielu, vitam\u012bnu un miner\u0101lu piedeva slaucam\u0101m gov\u012bm (35%) KOMBI"},"content":{"rendered":"\r\n<p>&nbsp;<\/p>\r\n","protected":false},"excerpt":{"rendered":"<p>&nbsp;<\/p>\n","protected":false},"author":3,"featured_media":0,"parent":1397,"menu_order":3,"comment_status":"closed","ping_status":"closed","template":"products.php","meta":{"footnotes":""},"class_list":["post-5317","page","type-page","status-publish","hentry","entry"],"_links":{"self":[{"href":"https:\/\/www.joniskiogrudai.lt\/lv\/wp-json\/wp\/v2\/pages\/5317","targetHints":{"allow":["GET"]}}],"collection":[{"href":"https:\/\/www.joniskiogrudai.lt\/lv\/wp-json\/wp\/v2\/pages"}],"about":[{"href":"https:\/\/www.joniskiogrudai.lt\/lv\/wp-json\/wp\/v2\/types\/page"}],"author":[{"embeddable":true,"href":"https:\/\/www.joniskiogrudai.lt\/lv\/wp-json\/wp\/v2\/users\/3"}],"replies":[{"embeddable":true,"href":"https:\/\/www.joniskiogrudai.lt\/lv\/wp-json\/wp\/v2\/comments?post=5317"}],"version-history":[{"count":6,"href":"https:\/\/www.joniskiogrudai.lt\/lv\/wp-json\/wp\/v2\/pages\/5317\/revisions"}],"predecessor-version":[{"id":8159,"href":"https:\/\/www.joniskiogrudai.lt\/lv\/wp-json\/wp\/v2\/pages\/5317\/revisions\/8159"}],"up":[{"embeddable":true,"href":"https:\/\/www.joniskiogrudai.lt\/lv\/wp-json\/wp\/v2\/pages\/1397"}],"wp:attachment":[{"href":"https:\/\/www.joniskiogrudai.lt\/lv\/wp-json\/wp\/v2\/media?parent=5317"}],"curies":[{"name":"wp","href":"https:\/\/api.w.org\/{rel}","templated":true}]}}